{"id":2065,"date":"2018-05-26T22:51:19","date_gmt":"2018-05-26T22:51:19","guid":{"rendered":"http:\/\/bodenlegerei-rettkowski.de\/?page_id=2065"},"modified":"2018-05-26T22:51:19","modified_gmt":"2018-05-26T22:51:19","slug":"datenschutzerklaerung","status":"publish","type":"page","link":"https:\/\/bodenlegerei-rettkowski.de\/?page_id=2065","title":{"rendered":"Datenschutzerkl\u00e4rung"},"content":{"rendered":"<p class=\"p1\"><b>I. Allgemeine Informationen \u00fcber den Datenschutz:<\/b><\/p>\n<p class=\"p3\">Nachfolgende Hinweise sollen Ihnen einen einfachen \u00dcberblick \u00fcber die Datenverarbeitung des Anbieters geben. Unter den nachfolgenden Punkten wird Ihnen erkl\u00e4rt, wie mit Ihren personenbezogenen Daten umgegangen wird.<\/p>\n<p class=\"p3\">Der Anbieter verpflichtet sich, die gesetzlichen Bestimmungen zum Datenschutz, insbesondere die Bestimmungen des Bundesdatenschutzgesetzes (BDSG), Datenschutzgrundverordnung (DS-GVO) und des Telemediengesetztes (TMG) sowie weitere gesetzliche Bedingungen, welche einschl\u00e4gig sind, zu beachten.<\/p>\n<p class=\"p3\"><b>1. <\/b>Die verantwortliche Stelle f\u00fcr die Datenverarbeitung des Anbieters \/ des Websitebetreibers ist:<\/p>\n<p class=\"p5\">Ren\u00e9 Rettkowski<\/p>\n<p class=\"p5\">Bodenlegerei GmbH<\/p>\n<p class=\"p5\">Moselstr. 47a<\/p>\n<p class=\"p5\">Funk; 0172-8724375<\/p>\n<p class=\"p5\">Tel.: +49(0)3379-322 8460<\/p>\n<p class=\"p6\"><span class=\"s1\"> Web: <\/span><span class=\"s2\">www.bodenlegerei-rettkowski.de<\/span><\/p>\n<p class=\"p3\">Der Verantwortliche ist diejenige nat\u00fcrliche oder juristische Person, die allein oder gemeinsam mit anderen \u00fcber die Zwecke und Mittel der Verarbeitung von personenbezogenen Daten entscheidet.<\/p>\n<p class=\"p3\">Zum Schutz der \u00dcbertragung personenbezogener Daten und anderer vertraulicher Inhalte, z.B. Bestellungen oder Anfragen an den Verantwortlichen, wird eine sichere dem Stand der Technik entsprechende Verschl\u00fcsselung verwendet. Es wird aber darauf hingewiesen, dass die Daten\u00fcbertragung im Internet z.B. durch Email Sicherheitsl\u00fccken aufweisen kann.<\/p>\n<p class=\"p3\">Daten, die Sie im Rahmen des Registrierungsprozesses und zur Erstellung eines pers\u00f6nlichen Profils auf unserer Seite angeben, werden in maschinenlesbarer Form gespeichert und maschinell verarbeitet. Im Rahmen der Leistungserbringung werden personenbezogene Daten erhoben, gespeichert, verarbeitet und genutzt. Personenbezogene Daten sind solche, die Angaben \u00fcber pers\u00f6nliche und sachliche Verh\u00e4ltnisse eines bestimmten oder bestimmbaren Nutzers enthalten. Zudem werden die vom Nutzer hochgeladenen Dateien gespeichert. Die Speicherung erfolgt elektronisch. Au\u00dferdem werden Daten \u00fcber den Abruf der Internetseite festgehalten.<\/p>\n<p class=\"p3\"><b>2.<\/b> Der Nutzer ist daf\u00fcr verantwortliche, dass seine Zugangsdaten f\u00fcr ein m\u00f6glich erstelltes Nutzerkonto von ihm vertraulich behandelt werden.<\/p>\n<p class=\"p3\"><b>3.<\/b> Sie haben jederzeit das Recht, Auskunft \u00fcber die von Ihnen gespeicherten Daten von uns zu erhalten sowie diese Daten l\u00f6schen zu lassen, soweit dies gesetzlich zul\u00e4ssig ist. Es wird darauf hingewiesen, dass bei Widerruf und L\u00f6schung von bestimmten Datens\u00e4tzen die Leistungserbringung oder andere Funktionalit\u00e4ten eingeschr\u00e4nkt sind oder \u00fcberhaupt nicht m\u00f6glich.<\/p>\n<p class=\"p3\"><b>II. Weitere Datenschutzrechte:<\/b><\/p>\n<p class=\"p3\">Das Datenschutzrecht gew\u00e4hrt Ihnen gegen\u00fcber dem Verantwortlichen umfassende Rechte wie Auskunfts-, Beschwerde-, \u00dcbertragungs- und L\u00f6schungsrechte.<\/p>\n<p class=\"p3\"><b>1. Widerruf Ihrer Einwilligung zur Datenverarbeitung:<\/b><\/p>\n<p class=\"p3\">Bestimmte Datenverarbeitungsvorg\u00e4nge sind nur mit Ihrer ausdr\u00fccklichen Einwilligung m\u00f6glich, welche Sie jederzeit kostenfrei widerrufen k\u00f6nnen. Dazu reicht eine formlose Mitteilung an den oben genannten Verantwortlichen dieser Seite. Die Rechtm\u00e4\u00dfigkeit der bis zu Ihrem Widerruf erfolgten Datenverarbeitung ist davon unber\u00fchrt.<\/p>\n<p class=\"p3\"><b>2. Beschwerderecht:<\/b><\/p>\n<p class=\"p3\">Im Falle datenschutzrechtlicher Verst\u00f6\u00dfe steht Ihnen ein Beschwerderecht bei der zust\u00e4ndigen Aufsichtsbeh\u00f6rde zu. Zust\u00e4ndige Aufsichtsbeh\u00f6rde in datenschutzrechtlichen Angelegenheiten ist der Landesdatenschutzbeauftragte des Bundeslandes, in dem das Unternehmen des Verantwortlichen seinen Sitz hat. Eine Liste der Datenschutzbeauftragten sowie deren Kontaktdaten k\u00f6nnen Sie folgendem Link entnehmen: <i>https:\/\/www.bfdi.bund.de\/DE\/Infothek\/Anschriften_Links\/anschriften_links-node.html <\/i><\/p>\n<p class=\"p3\"><b>3. Auskunftsrecht:<\/b><\/p>\n<p class=\"p3\">Gem. Art. 15 DS-GVO haben Sie das Recht auf Auskunft \u00fcber Ihre bei dem Verantwortlichen verarbeiteten und gespeicherten personenbezogenen Daten. Sie haben Recht auf Auskunft \u00fcber die geplante Speicherdauer, die Kriterien f\u00fcr die Festlegung der Speicherdauer, das Bestehen eines Rechts auf Berichtigung, L\u00f6schung, Einschr\u00e4nkung der Verarbeitung, Widerspruch gegen die Verarbeitung, Beschwerde bei einer Aufsichtsbeh\u00f6rde, die Herkunft Ihrer Daten, wenn diese nicht durch Sie mitgeteilt wurden.<\/p>\n<p class=\"p3\"><b>4. Berichtigung:<\/b><\/p>\n<p class=\"p3\">Gem. Art. 16 DS-GVO haben Sie das Recht auf unverz\u00fcgliche Berichtigung Ihrer Daten und \/ oder Vervollst\u00e4ndigung Ihrer bei dem Verantwortlichen gespeicherten unvollst\u00e4ndigen Daten.<\/p>\n<p class=\"p3\"><b>5. L\u00f6schung:<\/b><\/p>\n<p class=\"p3\">Gem. Art. 17 DS-GVO haben Sie das Recht, die L\u00f6schung Ihrer personenbezogenen Daten bei Vorliegen der Voraussetzungen des Art. 17 Abs. 1 DS-GVO zu verlangen. Sie haben kein Recht auf L\u00f6schung, wenn die Verarbeitung zur Aus\u00fcbung des Rechts auf freie Meinungs\u00e4u\u00dferung und Informationen, zur Erf\u00fcllung einer rechtlichen Verpflichtung, aus Gr\u00fcnden des \u00f6ffentlichen Interesses oder zur Geltendmachung, Aus\u00fcbung oder Verteidigung von Rechtsanspr\u00fcchen erforderlich ist.<\/p>\n<p class=\"p3\"><b>6. Einschr\u00e4nkung der Verarbeitung:<\/b><\/p>\n<p class=\"p3\">Gem. Art. 18 DS-GVO haben Sie das Recht, die Einschr\u00e4nkung der Verarbeitung Ihrer personenbezogenen Daten zu verlangen.<\/p>\n<p class=\"p3\"><b>7. Unterrichtung:<\/b><\/p>\n<p class=\"p3\">Wenn Sie gem. Art. 19 DS-GVO das Recht auf Berichtigung, L\u00f6schung oder Einschr\u00e4nkung der Verarbeitung gegen\u00fcber dem Verantwortlichen geltend gemacht haben, ist dieser verpflichtet, allen Empf\u00e4ngern, denen die Sie betreffenden personenbezogenen Daten offengelegt wurden, diese Berichtigung oder L\u00f6schung der Daten oder Einschr\u00e4nkung der Verarbeitung mitzuteilen, es sei denn, dieser erweist sich als unm\u00f6glich oder ist mit einem unverh\u00e4ltnism\u00e4\u00dfigen Aufwand verbunden. Ihnen steht das Recht zu, \u00fcber diese Empf\u00e4nger unterrichtet zu werden.<\/p>\n<p class=\"p3\"><b>8. Daten\u00fcbertragbarkeit:<\/b><\/p>\n<p class=\"p3\">Gem. Art. 20 DS-GVO haben Sie das Recht, Ihre personenbezogenen Daten, die Sie dem Verantwortlichen bereitgestellt haben, in einem strukturierten, g\u00e4ngigen und maschinenlesbaren Format zu erhalten oder die \u00dcbermittlung an einen anderen Verantwortlichen zu verlangen, soweit dies technisch machbar ist.<\/p>\n<p class=\"p3\"><b>9. Widerruf der erteilten Einwilligung:<\/b><\/p>\n<p class=\"p3\">Gem. Art. 7 Abs. 3 DS-GVO haben Sie das Recht, eine einmal erteilte Einwilligung in die Verarbeitung von Daten jederzeit mit Wirkung f\u00fcr die Zukunft zu widerrufen. Im Falle des Widerrufs werden wir die betroffenen Daten unverz\u00fcglich l\u00f6schen, sofern eine weitere Verarbeitung nicht auf eine Rechtsgrundlage zur einwilligungslosen Verarbeitung gest\u00fctzt werden kann. Durch den Widerruf der Einwilligung wird die Rechtm\u00e4\u00dfigkeit der aufgrund der Einwilligung bis zum Widerruf erfolgten Verarbeitung nicht ber\u00fchrt.<\/p>\n<p class=\"p7\"><b>10. Dauer der Speicherung:<\/b><\/p>\n<p class=\"p3\">Die Dauer der Speicherung von personenbezogenen Daten bemisst sich anhand der jeweiligen gesetzlichen Aufbewahrungsfrist (z.B. steuerrechtliche oder andere handelsrechtliche Aufbewahrungsfristen). Nach Ablauf der Fristen werden die entsprechenden Daten routinem\u00e4\u00dfig gel\u00f6scht, sofern sie nicht mehr zur Vertragserf\u00fcllung oder Vertragsanbahnung erforderlich sind und \/ oder unsererseits kein berechtigtes Interesse an der Weiterspeicherung fortbesteht. Die in Ihrem Kundenkonto freiwillig hinterlegten personenbezogenen Daten werden ebenfalls mit Zweckerf\u00fcllung nicht gel\u00f6scht.<\/p>\n<p class=\"p3\"><b>III. Zum Datenschutz und der Datenerfassung im Speziellen:<\/b><\/p>\n<p class=\"p3\"><b>1.<\/b> F\u00fcr die blo\u00dfe informatorische Nutzung unserer Internetseite, also ohne Registrierung, erheben wir nur solche Daten, die Ihr Browser an unseren Server \u00fcbermittelt (sog. &#8222;Server-Logfiles)&#8220;. Wenn Sie die Seite aufrufen, erheben wir m\u00f6glicherweise folgende Daten, um die technischen Voraussetzungen der Anzeige zu gew\u00e4hrleisten:<\/p>\n<p class=\"p3\">&#8211; Datum und Uhrzeit zum Zeitpunkt des Zugriffes<\/p>\n<p class=\"p3\">&#8211; Menge der gesendeten Daten in Byte<\/p>\n<p class=\"p3\">&#8211; Quelle \/ Verweis, von welchem Sie auf die Seite gelangt sind<\/p>\n<p class=\"p9\">&#8211; verwendeter Browser, verwendetes Betriebssystem, verwendete IP-Adresse, ggf. in anonymisierter Form<\/p>\n<p class=\"p3\">Auch diese Verarbeitung erfolgt gem. Art. 6 Abs. 1 lit. f DS-GVO auf Basis des berechtigten Interesses des Anbieters und der Verbesserung der Stabilit\u00e4t und Funktionalit\u00e4t unserer Internetseite.<\/p>\n<p class=\"p3\">Eine Weitergabe oder anderweitige Verwendung der Daten findet nicht statt.<\/p>\n<p class=\"p3\"><b>2. Kontaktaufnahme:<\/b><\/p>\n<p class=\"p3\">Sie treten freiwillig z.B. per Kontaktformular oder Email mit uns in Kontakt und \u00fcbersenden die eventuell personenbezogenen Daten. Gem. Art. 6 Abs. 1 lit. f DS-GVO besteht ein berechtigtes Interesse an der Verarbeitung und Speicherung Ihrer Daten zur Beantwortung Ihrer Fragen und \/ oder Ihrer Kontaktaufnahme. Zielt der Kontakt auf einen Vertragsabschluss mit uns oder Dienstleistung ab, so ist die Nutzung und Verarbeitung Ihrer Daten auf Rechtsgrundlage des Art. 6 Abs. 1 lit. b DS-GVO gest\u00fctzt. Sobald der Zweck Ihrer Kontaktaufnahme in Wegfall ger\u00e4t, werden die \u00fcbermittelten Daten gel\u00f6scht, sofern keine gesetzlichen Aufbewahrungspflichten entgegenstehen.<\/p>\n<p class=\"p1\"><b>3. Datenverarbeitung bei Er\u00f6ffnung eines Kundenkontos und zur Vertragsabwicklung:<\/b><\/p>\n<p class=\"p3\">Gem. Art. 6 Abs. 1 lit. b DS-GVO werden personenbezogene Daten erhoben und verarbeitet, wenn Sie uns freiwillig diese zur Verf\u00fcgung stellen, was notwendig ist, um ein Vertragsverh\u00e4ltnis zu erf\u00fcllen oder Sie die Daten zur Registrierung auf unserer Website und ein eventuelles Kundenkonto errichtet haben, mitteilen. Die erforderlichen Daten k\u00f6nnen Sie aus den entsprechenden Eingabeformularen entnehmen. Sie k\u00f6nnen selbst\u00e4ndig das Kundenkonto und die darin gespeicherten Daten l\u00f6schen, indem Sie selbst\u00e4ndig die Registrierung beenden oder eine Nachricht an oben genannten Verantwortlichen mit der Aufforderung zur L\u00f6schung Ihrer Daten \u00fcbersenden. Die von Ihnen hinterlegten Daten werden ausschlie\u00dflich f\u00fcr die vereinbarte Vertragsabwicklung und \/ oder Dienstleistung verwendet. Auf die personenbezogenen Daten, die Sie zur Darstellung \/ Registrierung Ihres Kundenkontos \u00fcbermittelt haben, hat ausschlie\u00dflich der Verantwortliche dieser Seite Zugriff.<\/p>\n<p class=\"p3\">Die pers\u00f6nlichen Einstellungen, die ein Nutzer eingibt, werden gespeichert. Damit wird sichergestellt, dass jeder Nutzer bei jeder neuen Session (d.h. bei jedem neuen Einloggen) die pers\u00f6nlichen Einstellungen wieder vorfindet. Der Verantwortliche verwendet hierf\u00fcr \u00fcblicherweise sog. Cookies. Ein Cookie ist eine Textdatei, die auf den Computer des Nutzers Informationen \u00fcber den Nutzer speichert. Die in einem Cookie festgehaltenen Daten sind anonym und werden nicht ohne Ihre Erlaubnis mit Ihren pers\u00f6nlichen identifizierbaren Informationen verbunden.<\/p>\n","protected":false},"excerpt":{"rendered":"<p>I. Allgemeine Informationen \u00fcber den Datenschutz: Nachfolgende Hinweise sollen Ihnen einen einfachen \u00dcberblick \u00fcber die Datenverarbeitung des Anbieters geben. Unter den nachfolgenden Punkten wird Ihnen erkl\u00e4rt, wie mit Ihren personenbezogenen Daten umgegangen wird. Der Anbieter verpflichtet sich, die gesetzlichen Bestimmungen zum Datenschutz, insbesondere die Bestimmungen des Bundesdatenschutzgesetzes (BDSG), Datenschutzgrundverordnung (DS-GVO) und des Telemediengesetztes (TMG) sowie [&hellip;]<\/p>\n","protected":false},"author":1,"featured_media":0,"parent":0,"menu_order":0,"comment_status":"closed","ping_status":"closed","template":"","meta":[],"_links":{"self":[{"href":"https:\/\/bodenlegerei-rettkowski.de\/index.php?rest_route=\/wp\/v2\/pages\/2065"}],"collection":[{"href":"https:\/\/bodenlegerei-rettkowski.de\/index.php?rest_route=\/wp\/v2\/pages"}],"about":[{"href":"https:\/\/bodenlegerei-rettkowski.de\/index.php?rest_route=\/wp\/v2\/types\/page"}],"author":[{"embeddable":true,"href":"https:\/\/bodenlegerei-rettkowski.de\/index.php?rest_route=\/wp\/v2\/users\/1"}],"replies":[{"embeddable":true,"href":"https:\/\/bodenlegerei-rettkowski.de\/index.php?rest_route=%2Fwp%2Fv2%2Fcomments&post=2065"}],"version-history":[{"count":1,"href":"https:\/\/bodenlegerei-rettkowski.de\/index.php?rest_route=\/wp\/v2\/pages\/2065\/revisions"}],"predecessor-version":[{"id":2066,"href":"https:\/\/bodenlegerei-rettkowski.de\/index.php?rest_route=\/wp\/v2\/pages\/2065\/revisions\/2066"}],"wp:attachment":[{"href":"https:\/\/bodenlegerei-rettkowski.de\/index.php?rest_route=%2Fwp%2Fv2%2Fmedia&parent=2065"}],"curies":[{"name":"wp","href":"https:\/\/api.w.org\/{rel}","templated":true}]}}